{"id":1160,"date":"2024-11-15T11:59:17","date_gmt":"2024-11-15T10:59:17","guid":{"rendered":"http:\/\/zenyvenergetice.cz.m137.server4u.cz\/fotogaleria\/"},"modified":"2025-02-23T20:42:37","modified_gmt":"2025-02-23T19:42:37","slug":"fotogaleria","status":"publish","type":"page","link":"https:\/\/zenyvenergetice.cz\/sk\/fotogaleria\/","title":{"rendered":"Fotogal\u00e9ria"},"content":{"rendered":"\t\t<div data-elementor-type=\"wp-page\" data-elementor-id=\"1160\" class=\"elementor elementor-1160 elementor-808\">\n\t\t\t\t<div class=\"elementor-element elementor-element-ede93ef e-flex e-con-boxed wpr-particle-no wpr-jarallax-no wpr-parallax-no wpr-sticky-section-no wpr-equal-height-no e-con e-parent\" data-id=\"ede93ef\" data-element_type=\"container\" data-e-type=\"container\">\n\t\t\t\t\t<div class=\"e-con-inner\">\n\t\t\t\t<div class=\"elementor-element elementor-element-30d4b59 elementor-widget elementor-widget-shortcode\" data-id=\"30d4b59\" data-element_type=\"widget\" data-e-type=\"widget\" data-widget_type=\"shortcode.default\">\n\t\t\t\t<div class=\"elementor-widget-container\">\n\t\t\t\t\t\t\t<div class=\"elementor-shortcode\"><div class=\"pgc-sgb-cb wp-block-pgcsimplygalleryblock-albums \" data-gallery-id=\"album_11\"><div class=\"sgb-preloader\" id=\"pr_album_11\">\n\t<div class=\"sgb-square\" style=\"background:#d4d4d4\"><\/div>\n\t<div class=\"sgb-square\" style=\"background:#d4d4d4\"><\/div>\n\t<div class=\"sgb-square\" style=\"background:#d4d4d4\"><\/div>\n\t<div class=\"sgb-square\" style=\"background:#d4d4d4\"><\/div><\/div><div class=\"simply-gallery-amp pgc-sgb-album \" style=\"display: none;\"><div class=\"sgb-gallery\"><div class=\"sgb-item\" title=\"U.S. Embassy Slovakia\"><a href=\"https:\/\/zenyvenergetice.cz\/sk\/pgc_simply_gallery\/u-s-embassy-slovakia\/\" target=\"_blank\"><img loading=\"lazy\" decoding=\"async\" alt=\"U.S. Embassy Slovakia\" width=\"250\" height=\"250\" loading=\"lazy\" src=\"https:\/\/zenyvenergetice.cz\/wp-content\/uploads\/2024\/11\/IMG_5890-250x250.jpeg\" \/><\/a><div class=\"sgb-item-caption\"><em>U.S. Embassy Slovakia<\/em><\/div><\/div><div class=\"sgb-item\" title=\"Ra\u0148ajky so \u017dE v Bratislave\"><a href=\"https:\/\/zenyvenergetice.cz\/sk\/pgc_simply_gallery\/ranajky-so-ze-v-bratislave\/\" target=\"_blank\"><img loading=\"lazy\" decoding=\"async\" alt=\"Ra\u0148ajky so \u017dE v Bratislave\" width=\"250\" height=\"250\" loading=\"lazy\" src=\"https:\/\/zenyvenergetice.cz\/wp-content\/uploads\/2024\/11\/3-250x250.png\" \/><\/a><div class=\"sgb-item-caption\"><em>Ra\u0148ajky so \u017dE v Bratislave<\/em><\/div><\/div><div class=\"sgb-item\" title=\"Novoro\u010dn\u00e9 stretnutie v Bratislave\"><a href=\"https:\/\/zenyvenergetice.cz\/sk\/pgc_simply_gallery\/novorocne-stretnutie-v-bratislave\/\" target=\"_blank\"><img loading=\"lazy\" decoding=\"async\" alt=\"Novoro\u010dn\u00e9 stretnutie v Bratislave\" width=\"250\" height=\"250\" loading=\"lazy\" src=\"https:\/\/zenyvenergetice.cz\/wp-content\/uploads\/2024\/11\/WhatsApp-Image-2024-01-23-at-21.21.33-250x250.jpeg\" \/><\/a><div class=\"sgb-item-caption\"><em>Novoro\u010dn\u00e9 stretnutie v Bratislave<\/em><\/div><\/div><div class=\"sgb-item\" title=\"Stretnutie podnikov\u00fdch pr\u00e1vnikov\"><a href=\"https:\/\/zenyvenergetice.cz\/sk\/pgc_simply_gallery\/stretnutie-podnikovych-pravnikov\/\" target=\"_blank\"><img loading=\"lazy\" decoding=\"async\" alt=\"Stretnutie podnikov\u00fdch pr\u00e1vnikov\" width=\"250\" height=\"250\" loading=\"lazy\" src=\"https:\/\/zenyvenergetice.cz\/wp-content\/uploads\/2024\/11\/Obrazek3-250x250.jpg\" \/><\/a><div class=\"sgb-item-caption\"><em>Stretnutie podnikov\u00fdch pr\u00e1vnikov<\/em><\/div><\/div><div class=\"sgb-item\" title=\"Women in Energy v Ma\u010farsku\"><a href=\"https:\/\/zenyvenergetice.cz\/sk\/pgc_simply_gallery\/women-in-energy-v-madarsku\/\" target=\"_blank\"><img loading=\"lazy\" decoding=\"async\" alt=\"Women in Energy v Ma\u010farsku\" width=\"250\" height=\"250\" loading=\"lazy\" src=\"https:\/\/zenyvenergetice.cz\/wp-content\/uploads\/2024\/11\/Madarsko-250x250.jpg\" \/><\/a><div class=\"sgb-item-caption\"><em>Women in Energy v Ma\u010farsku<\/em><\/div><\/div><div class=\"sgb-item\" title=\"Elektr\u00e1re\u0148 Mal\u017eenice\"><a href=\"https:\/\/zenyvenergetice.cz\/sk\/pgc_simply_gallery\/elektraren-malzenice\/\" target=\"_blank\"><img loading=\"lazy\" decoding=\"async\" alt=\"Elektr\u00e1re\u0148 Mal\u017eenice\" width=\"250\" height=\"250\" loading=\"lazy\" src=\"https:\/\/zenyvenergetice.cz\/wp-content\/uploads\/2025\/07\/e020d6a7-1949-4153-9b76-fa0db11c8cb9-250x250.jpg\" \/><\/a><div class=\"sgb-item-caption\"><em>Elektr\u00e1re\u0148 Mal\u017eenice<\/em><\/div><\/div><div class=\"sgb-item\" title=\"\u017dEgrid: Za\u017ei mochovsk\u00fa \u0161tvorku\"><a href=\"https:\/\/zenyvenergetice.cz\/sk\/pgc_simply_gallery\/zegrid-zazi-mochovsku-stvorku\/\" target=\"_blank\"><img loading=\"lazy\" decoding=\"async\" alt=\"\u017dEgrid: Za\u017ei mochovsk\u00fa \u0161tvorku\" width=\"250\" height=\"250\" loading=\"lazy\" src=\"https:\/\/zenyvenergetice.cz\/wp-content\/uploads\/2025\/11\/image00002-250x250.jpeg\" \/><\/a><div class=\"sgb-item-caption\"><em>\u017dEgrid: Za\u017ei mochovsk\u00fa \u0161tvorku<\/em><\/div><\/div><\/div><\/div><script type=\"application\/json\" class=\"sgb-data\">{\"skin\":\"albums\",\"useGlobalSettings\":true,\"taxonomyId\":11,\"galleryId\":\"album_11\",\"coverTitleTextSize\":22,\"coverTipLabel\":\"zobrazit\",\"galleries\":[{\"title\":\"U.S. Embassy Slovakia\",\"ID\":1158,\"id\":1158,\"modified\":\"2024-11-27 16:20:56\",\"date\":\"2024-11-15 13:23:27\",\"postLink\":\"https:\\\/\\\/zenyvenergetice.cz\\\/sk\\\/pgc_simply_gallery\\\/u-s-embassy-slovakia\\\/\",\"type\":\"pgc_simply_gallery\",\"slug\":\"u-s-embassy-slovakia\",\"thumbURL\":\"https:\\\/\\\/zenyvenergetice.cz\\\/wp-content\\\/uploads\\\/2024\\\/11\\\/IMG_5890-250x250.jpeg\",\"thumb\":{\"thumbnail\":{\"height\":250,\"width\":250,\"url\":\"https:\\\/\\\/zenyvenergetice.cz\\\/wp-content\\\/uploads\\\/2024\\\/11\\\/IMG_5890-250x250.jpeg\",\"orientation\":\"landscape\"},\"medium\":{\"height\":300,\"width\":400,\"url\":\"https:\\\/\\\/zenyvenergetice.cz\\\/wp-content\\\/uploads\\\/2024\\\/11\\\/IMG_5890-400x300.jpeg\",\"orientation\":\"landscape\"},\"large\":{\"height\":900,\"width\":1200,\"url\":\"https:\\\/\\\/zenyvenergetice.cz\\\/wp-content\\\/uploads\\\/2024\\\/11\\\/IMG_5890-1200x900.jpeg\",\"orientation\":\"landscape\"},\"full\":{\"url\":\"https:\\\/\\\/zenyvenergetice.cz\\\/wp-content\\\/uploads\\\/2024\\\/11\\\/IMG_5890-scaled.jpeg\",\"height\":1920,\"width\":2560,\"orientation\":\"landscape\"}}},{\"title\":\"Ra\\u0148ajky so \\u017dE v Bratislave\",\"ID\":1159,\"id\":1159,\"modified\":\"2024-11-27 16:22:28\",\"date\":\"2024-11-15 13:17:47\",\"postLink\":\"https:\\\/\\\/zenyvenergetice.cz\\\/sk\\\/pgc_simply_gallery\\\/ranajky-so-ze-v-bratislave\\\/\",\"type\":\"pgc_simply_gallery\",\"slug\":\"ranajky-so-ze-v-bratislave\",\"thumbURL\":\"https:\\\/\\\/zenyvenergetice.cz\\\/wp-content\\\/uploads\\\/2024\\\/11\\\/3-250x250.png\",\"thumb\":{\"thumbnail\":{\"height\":250,\"width\":250,\"url\":\"https:\\\/\\\/zenyvenergetice.cz\\\/wp-content\\\/uploads\\\/2024\\\/11\\\/3-250x250.png\",\"orientation\":\"landscape\"},\"medium\":{\"height\":301,\"width\":400,\"url\":\"https:\\\/\\\/zenyvenergetice.cz\\\/wp-content\\\/uploads\\\/2024\\\/11\\\/3-400x301.png\",\"orientation\":\"landscape\"},\"full\":{\"url\":\"https:\\\/\\\/zenyvenergetice.cz\\\/wp-content\\\/uploads\\\/2024\\\/11\\\/3.png\",\"height\":481,\"width\":640,\"orientation\":\"landscape\"}}},{\"title\":\"Novoro\\u010dn\\u00e9 stretnutie v Bratislave\",\"ID\":1261,\"id\":1261,\"modified\":\"2024-11-28 14:07:20\",\"date\":\"2024-11-15 13:16:41\",\"postLink\":\"https:\\\/\\\/zenyvenergetice.cz\\\/sk\\\/pgc_simply_gallery\\\/novorocne-stretnutie-v-bratislave\\\/\",\"type\":\"pgc_simply_gallery\",\"slug\":\"novorocne-stretnutie-v-bratislave\",\"thumbURL\":\"https:\\\/\\\/zenyvenergetice.cz\\\/wp-content\\\/uploads\\\/2024\\\/11\\\/WhatsApp-Image-2024-01-23-at-21.21.33-250x250.jpeg\",\"thumb\":{\"thumbnail\":{\"height\":250,\"width\":250,\"url\":\"https:\\\/\\\/zenyvenergetice.cz\\\/wp-content\\\/uploads\\\/2024\\\/11\\\/WhatsApp-Image-2024-01-23-at-21.21.33-250x250.jpeg\",\"orientation\":\"landscape\"},\"medium\":{\"height\":300,\"width\":400,\"url\":\"https:\\\/\\\/zenyvenergetice.cz\\\/wp-content\\\/uploads\\\/2024\\\/11\\\/WhatsApp-Image-2024-01-23-at-21.21.33-400x300.jpeg\",\"orientation\":\"landscape\"},\"large\":{\"height\":900,\"width\":1200,\"url\":\"https:\\\/\\\/zenyvenergetice.cz\\\/wp-content\\\/uploads\\\/2024\\\/11\\\/WhatsApp-Image-2024-01-23-at-21.21.33-1200x900.jpeg\",\"orientation\":\"landscape\"},\"full\":{\"url\":\"https:\\\/\\\/zenyvenergetice.cz\\\/wp-content\\\/uploads\\\/2024\\\/11\\\/WhatsApp-Image-2024-01-23-at-21.21.33.jpeg\",\"height\":1200,\"width\":1600,\"orientation\":\"landscape\"}}},{\"title\":\"Stretnutie podnikov\\u00fdch pr\\u00e1vnikov\",\"ID\":1262,\"id\":1262,\"modified\":\"2024-11-28 14:08:12\",\"date\":\"2024-11-15 12:08:10\",\"postLink\":\"https:\\\/\\\/zenyvenergetice.cz\\\/sk\\\/pgc_simply_gallery\\\/stretnutie-podnikovych-pravnikov\\\/\",\"type\":\"pgc_simply_gallery\",\"slug\":\"stretnutie-podnikovych-pravnikov\",\"thumbURL\":\"https:\\\/\\\/zenyvenergetice.cz\\\/wp-content\\\/uploads\\\/2024\\\/11\\\/Obrazek3-250x250.jpg\",\"thumb\":{\"thumbnail\":{\"height\":250,\"width\":250,\"url\":\"https:\\\/\\\/zenyvenergetice.cz\\\/wp-content\\\/uploads\\\/2024\\\/11\\\/Obrazek3-250x250.jpg\",\"orientation\":\"landscape\"},\"medium\":{\"height\":300,\"width\":400,\"url\":\"https:\\\/\\\/zenyvenergetice.cz\\\/wp-content\\\/uploads\\\/2024\\\/11\\\/Obrazek3-400x300.jpg\",\"orientation\":\"landscape\"},\"large\":{\"height\":900,\"width\":1200,\"url\":\"https:\\\/\\\/zenyvenergetice.cz\\\/wp-content\\\/uploads\\\/2024\\\/11\\\/Obrazek3-1200x900.jpg\",\"orientation\":\"landscape\"},\"full\":{\"url\":\"https:\\\/\\\/zenyvenergetice.cz\\\/wp-content\\\/uploads\\\/2024\\\/11\\\/Obrazek3.jpg\",\"height\":1200,\"width\":1600,\"orientation\":\"landscape\"}}},{\"title\":\"Women in Energy v Ma\\u010farsku\",\"ID\":1263,\"id\":1263,\"modified\":\"2024-11-28 14:08:58\",\"date\":\"2024-11-15 12:06:20\",\"postLink\":\"https:\\\/\\\/zenyvenergetice.cz\\\/sk\\\/pgc_simply_gallery\\\/women-in-energy-v-madarsku\\\/\",\"type\":\"pgc_simply_gallery\",\"slug\":\"women-in-energy-v-madarsku\",\"thumbURL\":\"https:\\\/\\\/zenyvenergetice.cz\\\/wp-content\\\/uploads\\\/2024\\\/11\\\/Madarsko-250x250.jpg\",\"thumb\":{\"thumbnail\":{\"height\":250,\"width\":250,\"url\":\"https:\\\/\\\/zenyvenergetice.cz\\\/wp-content\\\/uploads\\\/2024\\\/11\\\/Madarsko-250x250.jpg\",\"orientation\":\"landscape\"},\"medium\":{\"height\":300,\"width\":400,\"url\":\"https:\\\/\\\/zenyvenergetice.cz\\\/wp-content\\\/uploads\\\/2024\\\/11\\\/Madarsko-400x300.jpg\",\"orientation\":\"landscape\"},\"large\":{\"height\":900,\"width\":1200,\"url\":\"https:\\\/\\\/zenyvenergetice.cz\\\/wp-content\\\/uploads\\\/2024\\\/11\\\/Madarsko-1200x900.jpg\",\"orientation\":\"landscape\"},\"full\":{\"url\":\"https:\\\/\\\/zenyvenergetice.cz\\\/wp-content\\\/uploads\\\/2024\\\/11\\\/Madarsko.jpg\",\"height\":1536,\"width\":2048,\"orientation\":\"landscape\"}}},{\"title\":\"Elektr\\u00e1re\\u0148 Mal\\u017eenice\",\"ID\":2314,\"id\":2314,\"modified\":\"2025-07-06 18:37:00\",\"date\":\"2025-07-06 18:34:13\",\"postLink\":\"https:\\\/\\\/zenyvenergetice.cz\\\/sk\\\/pgc_simply_gallery\\\/elektraren-malzenice\\\/\",\"type\":\"pgc_simply_gallery\",\"slug\":\"elektraren-malzenice\",\"thumbURL\":\"https:\\\/\\\/zenyvenergetice.cz\\\/wp-content\\\/uploads\\\/2025\\\/07\\\/e020d6a7-1949-4153-9b76-fa0db11c8cb9-250x250.jpg\",\"thumb\":{\"thumbnail\":{\"height\":250,\"width\":250,\"url\":\"https:\\\/\\\/zenyvenergetice.cz\\\/wp-content\\\/uploads\\\/2025\\\/07\\\/e020d6a7-1949-4153-9b76-fa0db11c8cb9-250x250.jpg\",\"orientation\":\"landscape\"},\"medium\":{\"height\":400,\"width\":300,\"url\":\"https:\\\/\\\/zenyvenergetice.cz\\\/wp-content\\\/uploads\\\/2025\\\/07\\\/e020d6a7-1949-4153-9b76-fa0db11c8cb9-300x400.jpg\",\"orientation\":\"portrait\"},\"large\":{\"height\":1200,\"width\":900,\"url\":\"https:\\\/\\\/zenyvenergetice.cz\\\/wp-content\\\/uploads\\\/2025\\\/07\\\/e020d6a7-1949-4153-9b76-fa0db11c8cb9-900x1200.jpg\",\"orientation\":\"portrait\"},\"full\":{\"url\":\"https:\\\/\\\/zenyvenergetice.cz\\\/wp-content\\\/uploads\\\/2025\\\/07\\\/e020d6a7-1949-4153-9b76-fa0db11c8cb9.jpg\",\"height\":2048,\"width\":1536,\"orientation\":\"portrait\"}}},{\"title\":\"\\u017dEgrid: Za\\u017ei mochovsk\\u00fa \\u0161tvorku\",\"ID\":2592,\"id\":2592,\"modified\":\"2025-11-18 15:13:30\",\"date\":\"2023-11-18 15:08:00\",\"postLink\":\"https:\\\/\\\/zenyvenergetice.cz\\\/sk\\\/pgc_simply_gallery\\\/zegrid-zazi-mochovsku-stvorku\\\/\",\"type\":\"pgc_simply_gallery\",\"slug\":\"zegrid-zazi-mochovsku-stvorku\",\"thumbURL\":\"https:\\\/\\\/zenyvenergetice.cz\\\/wp-content\\\/uploads\\\/2025\\\/11\\\/image00002-250x250.jpeg\",\"thumb\":{\"thumbnail\":{\"height\":250,\"width\":250,\"url\":\"https:\\\/\\\/zenyvenergetice.cz\\\/wp-content\\\/uploads\\\/2025\\\/11\\\/image00002-250x250.jpeg\",\"orientation\":\"landscape\"},\"medium\":{\"height\":400,\"width\":300,\"url\":\"https:\\\/\\\/zenyvenergetice.cz\\\/wp-content\\\/uploads\\\/2025\\\/11\\\/image00002-300x400.jpeg\",\"orientation\":\"portrait\"},\"large\":{\"height\":1200,\"width\":900,\"url\":\"https:\\\/\\\/zenyvenergetice.cz\\\/wp-content\\\/uploads\\\/2025\\\/11\\\/image00002-900x1200.jpeg\",\"orientation\":\"portrait\"},\"full\":{\"url\":\"https:\\\/\\\/zenyvenergetice.cz\\\/wp-content\\\/uploads\\\/2025\\\/11\\\/image00002-scaled.jpeg\",\"height\":2560,\"width\":1920,\"orientation\":\"portrait\"}}}]}<\/script><script type=\"text\/javascript\">(function(){if(window.PGC_SGB && window.PGC_SGB.searcher){window.PGC_SGB.searcher.initBlocks()}})()<\/script><\/div><\/div>\n\t\t\t\t\t\t<\/div>\n\t\t\t\t<\/div>\n\t\t\t\t\t<\/div>\n\t\t\t\t<\/div>\n\t\t<div class=\"elementor-element elementor-element-af78146 e-flex e-con-boxed wpr-particle-no wpr-jarallax-no wpr-parallax-no wpr-sticky-section-no wpr-equal-height-no e-con e-parent\" data-id=\"af78146\" data-element_type=\"container\" data-e-type=\"container\">\n\t\t\t\t\t<div class=\"e-con-inner\">\n\t\t\t\t<div class=\"elementor-element elementor-element-d63653c elementor-widget elementor-widget-video\" data-id=\"d63653c\" data-element_type=\"widget\" data-e-type=\"widget\" data-settings=\"{&quot;youtube_url&quot;:&quot;https:\\\/\\\/www.youtube.com\\\/watch?v=AxGTJ2zpNdQ&amp;t=32s&quot;,&quot;video_type&quot;:&quot;youtube&quot;,&quot;controls&quot;:&quot;yes&quot;}\" data-widget_type=\"video.default\">\n\t\t\t\t<div class=\"elementor-widget-container\">\n\t\t\t\t\t\t\t<div class=\"elementor-wrapper elementor-open-inline\">\n\t\t\t<div class=\"elementor-video\"><\/div>\t\t<\/div>\n\t\t\t\t\t\t<\/div>\n\t\t\t\t<\/div>\n\t\t\t\t\t<\/div>\n\t\t\t\t<\/div>\n\t\t\t\t<\/div>\n\t\t","protected":false},"excerpt":{"rendered":"","protected":false},"author":1,"featured_media":0,"parent":0,"menu_order":0,"comment_status":"closed","ping_status":"closed","template":"","meta":{"pgc_sgb_lightbox_settings":"","footnotes":""},"class_list":["post-1160","page","type-page","status-publish","hentry"],"_links":{"self":[{"href":"https:\/\/zenyvenergetice.cz\/sk\/wp-json\/wp\/v2\/pages\/1160","targetHints":{"allow":["GET"]}}],"collection":[{"href":"https:\/\/zenyvenergetice.cz\/sk\/wp-json\/wp\/v2\/pages"}],"about":[{"href":"https:\/\/zenyvenergetice.cz\/sk\/wp-json\/wp\/v2\/types\/page"}],"author":[{"embeddable":true,"href":"https:\/\/zenyvenergetice.cz\/sk\/wp-json\/wp\/v2\/users\/1"}],"replies":[{"embeddable":true,"href":"https:\/\/zenyvenergetice.cz\/sk\/wp-json\/wp\/v2\/comments?post=1160"}],"version-history":[{"count":8,"href":"https:\/\/zenyvenergetice.cz\/sk\/wp-json\/wp\/v2\/pages\/1160\/revisions"}],"predecessor-version":[{"id":1781,"href":"https:\/\/zenyvenergetice.cz\/sk\/wp-json\/wp\/v2\/pages\/1160\/revisions\/1781"}],"wp:attachment":[{"href":"https:\/\/zenyvenergetice.cz\/sk\/wp-json\/wp\/v2\/media?parent=1160"}],"curies":[{"name":"wp","href":"https:\/\/api.w.org\/{rel}","templated":true}]}}