{"id":1571,"date":"2025-01-06T10:26:13","date_gmt":"2025-01-06T09:26:13","guid":{"rendered":"https:\/\/zenyvenergetice.cz\/?page_id=1571"},"modified":"2025-01-06T10:53:31","modified_gmt":"2025-01-06T09:53:31","slug":"gdpr","status":"publish","type":"page","link":"https:\/\/zenyvenergetice.cz\/sk\/gdpr\/","title":{"rendered":"GDPR"},"content":{"rendered":"\n<h4 class=\"wp-block-heading\"><strong><strong>Memorandum na ochranu osobn\u00fdch \u00fadajov OZ \u017deny v energetike<\/strong><\/strong><\/h4>\n\n\n\n<p>Ochrana s\u00fakromia na\u0161ich \u010dlenov a&nbsp;\u010fal\u0161\u00edch subjektov pri sprac\u00favan\u00ed osobn\u00fdch \u00fadajov je pre n\u00e1s ve\u013emi d\u00f4le\u017eit\u00e1. Pri sprac\u00favan\u00ed va\u0161ich osobn\u00fdch \u00fadajov postupujeme v s\u00falade s platn\u00fdmi pr\u00e1vnymi predpismi a zabezpe\u010dujeme ich ochranu v maxim\u00e1lnej mo\u017enej miere. V\u0161etci n\u00e1v\u0161tevn\u00edci tejto internetovej str\u00e1nky n\u00e1jdu v&nbsp;tomto dokumente v\u0161etky potrebn\u00e9 inform\u00e1cie t\u00fdkaj\u00face sa sprac\u00favania osobn\u00fdch \u00fadajov.<\/p>\n\n\n\n<p>Toto Memorandum na Ochranu osobn\u00fdch \u00fadajov (\u010falej v&nbsp;texte ako \u201e<strong>Memorandum<\/strong>\u201c), v\u00e1m poskytne inform\u00e1cie o tom, ako naklad\u00e1me s va\u0161imi osobn\u00fdmi \u00fadajmi a ako n\u00e1s m\u00f4\u017eete kontaktova\u0165, ak m\u00e1te ot\u00e1zky oh\u013eadom sprac\u00favania va\u0161ich osobn\u00fdch \u00fadajov.<\/p>\n\n\n\n<p><strong>O OZ \u017deny v energetike<\/strong><\/p>\n\n\n\n<p>\u017deny v\u202fenergetike je komunita, ktor\u00fa sme vytvorili s cie\u013eom in\u0161pirova\u0165, prep\u00e1ja\u0165, vzdel\u00e1va\u0165, motivova\u0165 a oce\u0148ova\u0165 \u017eeny v\u202fenergetike a s\u00favisiacich profesi\u00e1ch. Pom\u00e1hame \u017een\u00e1m v energetike premeni\u0165 ich amb\u00edcie na \u00faspech a akt\u00edvne im vytv\u00e1rame pr\u00edle\u017eitosti na rozvoj. V tejto oblasti sa zameriavame najm\u00e4 na: prep\u00e1janie, profesion\u00e1lny rast, vzdel\u00e1vanie a&nbsp;leadership.<\/p>\n\n\n\n<p>Pri sprac\u00favan\u00ed va\u0161ich osobn\u00fdch \u00fadajov sa riadime pr\u00e1vnymi predpismi Slovenskej republiky, a to predov\u0161etk\u00fdm Nariaden\u00edm Eur\u00f3pskeho parlamentu a Rady (E\u00da) \u010d. 2016\/679 o ochrane fyzick\u00fdch os\u00f4b pri sprac\u00favan\u00ed osobn\u00fdch \u00fadajov a o vo\u013enom pohybe tak\u00fdchto \u00fadajov (v\u0161eobecn\u00e9 nariadenie o ochrane \u00fadajov alebo GDPR), z\u00e1konom o ochrane osobn\u00fdch \u00fadajov a ako aj \u010fal\u0161\u00edmi pr\u00e1vnymi predpismi.<\/p>\n\n\n\n<p>Prev\u00e1dzkovate\u013eom informa\u010dn\u00fdch syst\u00e9mov, v ktor\u00fdch s\u00fa sprac\u00favan\u00e9 osobn\u00e9 \u00fadaje na\u0161ich \u010dlenov a&nbsp;\u010fal\u0161\u00edch dotknut\u00fdch os\u00f4b je OZ \u017deny v energetike, ob\u010dianske zdru\u017eenie so s\u00eddlom Ko\u0161ick\u00e1 17180\/49, 821 08 Bratislava-Ru\u017einov, Slovensk\u00e1 republika, I\u010cO: 50662678, registrovan\u00e9 v&nbsp;registri ob\u010dianskych zdru\u017een\u00ed vedenom na Ministerstve vn\u00fatra SR.&nbsp;<\/p>\n\n\n\n<p><strong>Ak\u00e9 \u00fadaje o&nbsp;v\u00e1s sprac\u00fava OZ \u017deny v energetike<\/strong><\/p>\n\n\n\n<p>Za osobn\u00fd \u00fadaj sa pova\u017euje tak\u00fd \u00fadaj, na z\u00e1klade ktor\u00e9ho je mo\u017en\u00e9 identifikova\u0165 konkr\u00e9tnu fyzick\u00fa osobu. To znamen\u00e1, \u017ee nejde len o zn\u00e1me identifik\u00e1tory ako meno, priezvisko, \u010di d\u00e1tum narodenia. GDPR definuje osobn\u00fd \u00fadaj ako ak\u00e9ko\u013evek inform\u00e1cie, ktor\u00e9 ved\u00fa k ur\u010deniu fyzickej osoby. Ka\u017ed\u00e1 fyzick\u00e1 osoba, ktorej sa osobn\u00e9 \u00fadaje t\u00fdkaj\u00fa, sa pova\u017euje za dotknut\u00fa osobu s&nbsp;pr\u00edslu\u0161n\u00fdmi pr\u00e1vami k&nbsp;osobn\u00fdm \u00fadajom.<\/p>\n\n\n\n<p>V&nbsp;OZ \u017deny v energetike sprac\u00favame len tak\u00e9 osobn\u00e9 \u00fadaje, aby sme v&nbsp;adekv\u00e1tnej miere vedeli nap\u013a\u0148a\u0165 predmet \u010dinnosti OZ \u017deny v energetike a&nbsp;tomu zodpovedaj\u00face aktivity. V pr\u00edpade, ak va\u0161e osobn\u00e9 \u00fadaje sprac\u00favame na z\u00e1klade s\u00fahlasu, zoznam, resp. rozsah \u00fadajov je presne uveden\u00fd priamo v s\u00fahlase, a to v miere potrebnej na splnenie \u00fa\u010delu, na ktor\u00fd s\u00fa osobn\u00e9 \u00fadaje sprac\u00favan\u00e9.<\/p>\n\n\n\n<p>Vzh\u013eadom na uveden\u00e9 tak medzi sprac\u00favan\u00e9 \u00fadaje patria predov\u0161etk\u00fdm kateg\u00f3rie osobn\u00fdch \u00fadajov sl\u00fa\u017eiacich na \u00fa\u010del registr\u00e1cie dotknut\u00fdch os\u00f4b v&nbsp;s\u00favislosti s&nbsp;realizovan\u00edm jednotliv\u00fdch aktiv\u00edt OZ \u017deny v energetike, ako je organiz\u00e1cia workshopov, konferenci\u00ed alebo in\u00fdch podujat\u00ed.<\/p>\n\n\n\n<p><strong>Na ak\u00fd \u00fa\u010del sprac\u00fava OZ \u017deny v energetike va\u0161e \u00fadaje<\/strong><\/p>\n\n\n\n<p>Va\u0161e osobn\u00e9 \u00fadaje sprac\u00favame len v nevyhnutnom rozsahu na pr\u00edslu\u0161n\u00fd \u00fa\u010del. V\u00e4\u010d\u0161ina na\u0161ich spracovate\u013esk\u00fdch oper\u00e1ci\u00ed je od\u00f4voden\u00e1 t\u00fdm, \u017ee va\u0161e osobn\u00e9 \u00fadaje potrebujeme za \u00fa\u010delom realiz\u00e1cie predmetu \u010dinnosti OZ \u017deny v energetike a&nbsp;s&nbsp;t\u00fdm s\u00favisiacich aktiv\u00edt, ako je vytv\u00e1ranie platformy na zdie\u013eanie sk\u00fasenost\u00ed, organiz\u00e1cia pravideln\u00fdch stretnut\u00ed\/diskusi\u00ed \u010dlenov zdru\u017eenia a pracovn\u00fdch skup\u00edn,<\/p>\n\n\n\n<p>ako aj podujat\u00ed, \u0161kolen\u00ed a workshopov na konkr\u00e9tne t\u00e9my vr\u00e1tane rozvoja webov\u00fdch str\u00e1nok. Osobn\u00e9 \u00fadaje za \u00fa\u010delom realiz\u00e1cie t\u00fdchto aktiv\u00edt z\u00edskavame priamo od v\u00e1s alebo formou vyplnenia elektronick\u00e9ho formul\u00e1ra na&nbsp;<a href=\"http:\/\/www.zenyvenergetike.sk\">www.zenyvenergetike.sk<\/a>, kde o&nbsp;v\u00e1s sprac\u00favame meno, priezvisko, e-mailov\u00fa adresu a&nbsp;telef\u00f3nne \u010d\u00edslo. Je preto d\u00f4le\u017eit\u00e9, aby ste n\u00e1m poskytli \u00fapln\u00e9, spr\u00e1vne, aktu\u00e1lne a pravdiv\u00e9 osobn\u00e9 \u00fadaje.<\/p>\n\n\n\n<p>Va\u0161e osobn\u00e9 \u00fadaje sprac\u00favame v&nbsp;OZ \u017deny v energetike na r\u00f4zne \u00fa\u010dely, a to predov\u0161etk\u00fdm na \u00fa\u010dely, ktor\u00e9 spadaj\u00fa do nasledovn\u00fdch kateg\u00f3ri\u00ed:<\/p>\n\n\n\n<ul class=\"wp-block-list\">\n<li>Identifik\u00e1cia a overenie identifik\u00e1cie \u00fa\u010dastn\u00edkov na\u0161ich aktiv\u00edt,<\/li>\n\n\n\n<li>Registr\u00e1cia \u00fa\u010dastn\u00edkov podujat\u00ed organizovan\u00fdch OZ \u017deny v energetike,<\/li>\n\n\n\n<li>Propag\u00e1cia \u010dinnosti OZ \u017deny v energetike prostredn\u00edctvom internetu.<\/li>\n<\/ul>\n\n\n\n<p><strong>OZ \u017deny v energetike chr\u00e1ni va\u0161e \u00fadaje<\/strong><\/p>\n\n\n\n<p>V&nbsp;OZ \u017deny v energetike platia striktn\u00e9 pravidl\u00e1, ktor\u00e9 upravuj\u00fa podmienky, za ktor\u00fdch maj\u00fa na\u0161i zamestnanci, resp. in\u00e9 opr\u00e1vnen\u00e9 osoby pr\u00edstup k va\u0161im osobn\u00fdm \u00fadajom, ako aj to, ktor\u00e9 osobn\u00e9 \u00fadaje m\u00f4\u017eu sprac\u00fava\u0165. Osobn\u00e9 \u00fadaje dotknut\u00fdch os\u00f4b nie s\u00fa spr\u00edstup\u0148ovan\u00e9 mimo OZ \u017deny v energetike, s v\u00fdnimkou pr\u00edpadov, kedy by sme tak boli povinn\u00ed postupova\u0165 na z\u00e1klade pr\u00edslu\u0161n\u00e9ho pr\u00e1vneho predpisu.<\/p>\n\n\n\n<p>Osobn\u00e9 \u00fadaje sprac\u00favame s pou\u017eit\u00edm manu\u00e1lnych, ako aj automatizovan\u00fdch prostriedkov sprac\u00favania v r\u00e1mci svojich informa\u010dn\u00fdch syst\u00e9mov, ktor\u00e9 s\u00fa zabezpe\u010den\u00e9 a chr\u00e1nen\u00e9 v s\u00falade s&nbsp;pr\u00edslu\u0161n\u00fdmi bezpe\u010dnostn\u00fdmi \u0161tandardmi a predpismi o ochrane osobn\u00fdch \u00fadajov.<\/p>\n\n\n\n<p>Pri sprac\u00favan\u00ed va\u0161ich \u00fadajov sme povinn\u00ed dodr\u017eiava\u0165 ur\u010dit\u00e9 povinnosti. Medzi najd\u00f4le\u017eitej\u0161ie povinnosti, ktor\u00e9 dodr\u017eiavame, patria:<\/p>\n\n\n\n<ul class=\"wp-block-list\">\n<li>Sprac\u00favame a zhroma\u017e\u010fujeme va\u0161e osobn\u00e9 \u00fadaje len na jednozna\u010dn\u00e9 a z\u00e1konn\u00e9 \u00fa\u010dely, a to len po dobu dosiahnutia \u00fa\u010delu,&nbsp;na ktor\u00fd sme tieto osobn\u00e9 \u00fadaje z\u00edskali.<\/li>\n\n\n\n<li>Vedome a neopr\u00e1vnene nezasahujeme do v\u00e1\u0161ho pr\u00e1va na ochranu s\u00fakromia.<\/li>\n\n\n\n<li>Chr\u00e1nime va\u0161e osobn\u00e9 \u00fadaje pred stratou, zni\u010den\u00edm a zneu\u017eit\u00edm.<\/li>\n\n\n\n<li>V\u0161etci na\u0161i zamestnanci a opr\u00e1vnen\u00e9 osoby s\u00fa viazan\u00ed ml\u010danlivos\u0165ou, osobn\u00e9 \u00fadaje dotknut\u00fdch os\u00f4b nesm\u00fa poskytova\u0165 tret\u00edm stran\u00e1m.<\/li>\n<\/ul>\n\n\n\n<p><strong>Ak\u00e9 m\u00e1te vo\u010di OZ \u017deny v energetike<\/strong> <strong>pr\u00e1va:<\/strong><\/p>\n\n\n\n<p><strong>M\u00e1te pr\u00e1vo na pr\u00edstup k&nbsp;va\u0161im \u00fadajom<\/strong><\/p>\n\n\n\n<p>M\u00e1te pr\u00e1vo po\u017eadova\u0165 od n\u00e1s potvrdenie o&nbsp;tom, \u010di sprac\u00favame va\u0161e osobn\u00e9 \u00fadaje a&nbsp;ak tomu tak je, m\u00e1te pr\u00e1vo z\u00edska\u0165 pr\u00edstup k&nbsp;t\u00fdmto \u00fadajom a&nbsp;nasledovn\u00e9 inform\u00e1cie:<\/p>\n\n\n\n<ul class=\"wp-block-list\">\n<li>toto\u017enos\u0165 a&nbsp;kontaktn\u00e9 \u00fadaje OZ \u017deny v energetike<\/li>\n\n\n\n<li>\u00fa\u010dely sprac\u00favania<\/li>\n<\/ul>\n\n\n\n<ul class=\"wp-block-list\">\n<li>kateg\u00f3rie osobn\u00fdch \u00fadajov<\/li>\n\n\n\n<li>kateg\u00f3rie pr\u00edjemcov Va\u0161ich \u00fadajov<\/li>\n\n\n\n<li>sprac\u00favanie osobn\u00fdch \u00fadajov na z\u00e1klade opr\u00e1vnen\u00e9ho z\u00e1ujmu<\/li>\n\n\n\n<li>doby sprac\u00favania \u00fadajov<\/li>\n\n\n\n<li>inform\u00e1cie o&nbsp;zdroji, z&nbsp;ktor\u00e9ho sme z\u00edskali Va\u0161e osobn\u00e9 \u00fadaje<\/li>\n\n\n\n<li>inform\u00e1ciu o&nbsp;pr\u00e1vach namieta\u0165, vymaza\u0165, obmedzi\u0165 osobn\u00e9 \u00fadaje.<\/li>\n<\/ul>\n\n\n\n<p><strong>M\u00e1te pr\u00e1vo na opravu va\u0161ich \u00fadajov<\/strong><\/p>\n\n\n\n<p>M\u00f4\u017ee sa sta\u0165, \u017ee niektor\u00e9 inform\u00e1cie, ktor\u00e9 o v\u00e1s vedieme, nie s\u00fa alebo prestali by\u0165 spr\u00e1vne. Bez va\u0161ej s\u00fa\u010dinnosti sa v\u0161ak, prirodzene, nezaob\u00eddeme. Z uveden\u00e9ho d\u00f4vodu je d\u00f4le\u017eit\u00e9, aby ste n\u00e1s o ka\u017edej zmene svojich osobn\u00fdch \u00fadajov bezodkladne informovali. Ako dotknut\u00e1 osoba ste toti\u017e zodpovedn\u00fd\/-\u00e1 za spr\u00e1vnos\u0165, aktu\u00e1lnos\u0165, \u00faplnos\u0165 a pravdivos\u0165 osobn\u00fdch \u00fadajov, ktor\u00e9 ste poskytli OZ \u017deny v energetike. &nbsp;<\/p>\n\n\n\n<p><strong>M\u00e1te pr\u00e1vo namieta\u0165 proti sprac\u00favaniu va\u0161ich \u00fadajov<\/strong><\/p>\n\n\n\n<p>V&nbsp;pr\u00edpade, ak nes\u00fahlas\u00edte, aby sme v&nbsp;ur\u010dit\u00fdch pr\u00edpadoch sprac\u00favali Va\u0161e osobn\u00e9 \u00fadaje, m\u00e1te pr\u00e1vo namieta\u0165 proti tak\u00e9mu sprac\u00favaniu. Va\u0161e pr\u00e1vo namieta\u0165 v\u00e1m prisl\u00facha predov\u0161etk\u00fdm v&nbsp;pr\u00edpadoch, ak sprac\u00favame va\u0161e osobn\u00e9 \u00fadaje pre potreby opr\u00e1vnen\u00e9ho z\u00e1ujmu na na\u0161ej strane.<\/p>\n\n\n\n<p><strong>M\u00e1te pr\u00e1vo \u017eiada\u0165 obmedzenie sprac\u00favania va\u0161ich \u00fadajov<\/strong><\/p>\n\n\n\n<p>Za ur\u010dit\u00fdch okolnost\u00ed m\u00f4\u017ee nasta\u0165 situ\u00e1cia, \u017ee va\u0161e osobn\u00e9 \u00fadaje u\u017e \u010falej nie je d\u00f4vod sprac\u00fava\u0165.<\/p>\n\n\n\n<p><strong>M\u00e1te pr\u00e1vo na vymazanie va\u0161ich \u00fadajov<\/strong><\/p>\n\n\n\n<p>Pokia\u013e sa domnievate, \u017ee ur\u010dit\u00e9 \u00fadaje t\u00fdkaj\u00face sa va\u0161ej osoby s\u00fa u&nbsp;n\u00e1s nez\u00e1konne sprac\u00favan\u00e9, m\u00e1te pr\u00e1vo po\u017eadova\u0165 od n\u00e1s, aby sme ozna\u010den\u00e9 \u00fadaje vymazali. V&nbsp;tejto s\u00favislosti ste ako dotknut\u00e1 osoba povinn\u00fd preuk\u00e1za\u0165 na z\u00e1klade relevantn\u00fdch dokladov nez\u00e1konnos\u0165 sprac\u00favania.<\/p>\n\n\n\n<p><strong>M\u00e1te pr\u00e1vo na prenos va\u0161ich \u00fadajov<\/strong><\/p>\n\n\n\n<p>Va\u0161e osobn\u00e9 \u00fadaje, ktor\u00e9 ste n\u00e1m poskytli, m\u00e1te pr\u00e1vo z\u00edska\u0165 v&nbsp;elektronickej forme v&nbsp;\u0161trukt\u00farovanom form\u00e1te. M\u00e1te pr\u00e1vo od n\u00e1s po\u017eadova\u0165, aby sme va\u0161e \u00fadaje preniesli in\u00e9mu subjektu, ktor\u00fd v&nbsp;\u017eiadosti doru\u010denej na: <a href=\"mailto:info@zenyvenergetike.sk\" target=\"_blank\" rel=\"noreferrer noopener\">info@zenyvenergetike.sk<\/a><strong>,<\/strong>&nbsp;riadne ozna\u010d\u00edte vr\u00e1tane emailovej adresy tretej strany.&nbsp;<\/p>\n\n\n\n<p><strong>Ako si uplatn\u00edte va\u0161e pr\u00e1va k&nbsp;osobn\u00fdm \u00fadajom<\/strong><\/p>\n\n\n\n<p>V\u0161etky va\u0161e pr\u00e1va k&nbsp;osobn\u00fdm \u00fadajom si m\u00f4\u017eete v&nbsp;OZ \u017deny v&nbsp;energetike uplatni\u0165 zaslan\u00edm \u017eiadosti na: Emailov\u00e1 adresa: <a href=\"mailto:info@zenyvenergetike.sk\" target=\"_blank\" rel=\"noreferrer noopener\">info@zenyvenergetike.sk<\/a>.<\/p>\n\n\n\n<p>OZ \u017deny v&nbsp;energetike si v&nbsp;zmysle GDPR vyhradzuje pr\u00e1vo po\u017eadova\u0165 identifika\u010dn\u00e9 \u00fadaje dotknutej osoby, aby v&nbsp;z\u00e1ujme ochrany pr\u00e1v dotknut\u00fdch os\u00f4b zabezpe\u010dila dostato\u010dn\u00fa identifik\u00e1ciu osoby \u017eiadate\u013ea.<\/p>\n\n\n\n<p>OZ \u017deny v&nbsp;energetike m\u00e1 na vybavenie \u017eiadosti lehotu jeden mesiac od d\u00e1tumu prijatia \u017eiadosti. Uveden\u00e1 lehota sa m\u00f4\u017ee v pr\u00edpade potreby pred\u013a\u017ei\u0165 o \u010fal\u0161ie dva mesiace, pri\u010dom sa zoh\u013eadn\u00ed komplexnos\u0165 \u017eiadosti a po\u010det \u017eiadost\u00ed. OZ \u017deny v&nbsp;energetike informuje o ka\u017edom takomto pred\u013a\u017een\u00ed<\/p>\n\n\n\n<p>\u017eiadate\u013ea do jedn\u00e9ho mesiaca od doru\u010denia \u017eiadosti spolu s d\u00f4vodmi zme\u0161kania lehoty. \u017diadate\u013e bude v&nbsp;takom pr\u00edpade informovan\u00fd o pred\u013a\u017een\u00ed lehoty formou, ak\u00fa zvolil pre doru\u010denie odpovede na jeho \u017eiados\u0165.<\/p>\n\n\n\n<p><strong>Pr\u00e1vo poda\u0165 s\u0165a\u017enos\u0165 dozorn\u00e9mu org\u00e1nu<\/strong><\/p>\n\n\n\n<p>Pokia\u013e sa domnievate, \u017ee do\u0161lo k&nbsp;poru\u0161eniu Va\u0161ich pr\u00e1v k&nbsp;osobn\u00fdm \u00fadajom alebo k&nbsp;poru\u0161eniu podmienok sprac\u00favania Va\u0161ich \u00fadajov, m\u00e1te pr\u00e1vo obr\u00e1ti\u0165 sa so s\u0165a\u017enos\u0165ou na dozorn\u00fd org\u00e1n, ktor\u00fdm je \u00darad na ochranu osobn\u00fdch \u00fadajov SR so s\u00eddlom: Budova Park one, N\u00e1mestie 1.m\u00e1ja 18, &nbsp;811 06 Bratislava.<\/p>\n\n\n\n<p><strong>Ako dlho sprac\u00favame v&nbsp;OZ \u017deny v energetike va\u0161e osobn\u00e9 \u00fadaje<\/strong><\/p>\n\n\n\n<p>Va\u0161e osobn\u00e9 \u00fadaje uchov\u00e1vame a chr\u00e1nime po dobu stanoven\u00fa platn\u00fdmi pr\u00e1vnymi predpismi, resp. po dobu, kedy pre dan\u00fd \u00fa\u010del sprac\u00favania existuje na strane OZ \u017deny v energetike pr\u00e1vny d\u00f4vod. M\u00e1me z\u00e1ujem, aby ste boli informovan\u00ed o&nbsp;na\u0161ich aktu\u00e1lnych \u010dinnostiach a&nbsp;preto v&nbsp;pr\u00edpade, \u017ee budete \u00fa\u010dastn\u00ed na na\u0161ej aktu\u00e1lnej aktivite, m\u00f4\u017eeme pou\u017ei\u0165 va\u0161e osobn\u00e9 \u00fadaje pre tento \u00fa\u010del aj pre nasleduj\u00face podujatie. Ak ide o osobn\u00e9 \u00fadaje sprac\u00favan\u00e9 na z\u00e1klade v\u00e1\u0161ho s\u00fahlasu, po dobu, na ktor\u00fa ste n\u00e1m udelili svoj s\u00fahlas. V&nbsp;pr\u00edpade, ak zanikne d\u00f4vod na sprac\u00favanie va\u0161ich osobn\u00fdch \u00fadajov, tieto bezodkladne vymaz\u00e1vame. &nbsp;<\/p>\n\n\n\n<p><strong>Sprac\u00favanie va\u0161ich osobn\u00fdch \u00fadajov na z\u00e1klade s\u00fahlasu<\/strong><\/p>\n\n\n\n<p>Marketingov\u00e9 aktivity pova\u017eujeme za vhodn\u00fd n\u00e1stroj, ako v\u00e1s upozorni\u0165 na na\u0161u \u010dinnos\u0165 a&nbsp;aktu\u00e1lne podujatia, ktor\u00e9 pre v\u00e1s organizujeme. Aby sme v\u00e1s mohli informova\u0165 o&nbsp;na\u0161ej \u010dinnosti a&nbsp;z\u00e1rove\u0148 mali mo\u017enos\u0165 z\u00edska\u0165 od v\u00e1s inform\u00e1cie za \u00fa\u010delom organizovania n\u00e1\u0161ho podujatia vr\u00e1tane spracovania n\u00e1slednej sp\u00e4tnej v\u00e4zby, potrebujeme ma\u0165 va\u0161e \u00fadaje. V pr\u00edpade, ak nem\u00e1te z\u00e1ujem, aby sme v\u00e1s viac informovali o&nbsp;na\u0161ej \u010dinnosti, m\u00f4\u017eete n\u00e1s kontaktova\u0165 oh\u013eadom zmeny svojich marketingov\u00fdch preferenci\u00ed na: <a href=\"mailto:info@zenyvenergetike.sk\" target=\"_blank\" rel=\"noreferrer noopener\">info@zenyvenergetike.sk<\/a>.<\/p>\n\n\n\n<p>Pokia\u013e ste n\u00e1m udelili s\u00fahlas so sprac\u00favan\u00edm va\u0161ich obrazov\u00fdch a&nbsp;zvukov\u00fdch z\u00e1znamov vyhotovovan\u00fdch na nami organizovan\u00fdch podujatiach, sme opr\u00e1vnen\u00ed v&nbsp;rozsahu takto udelen\u00e9ho s\u00fahlasu, vhodn\u00fdm sp\u00f4sobom po\u017ei\u0165 va\u0161e osobn\u00e9 \u00fadaje za \u00fa\u010delom realiz\u00e1cie marketingov\u00fdch aktiv\u00edt prostredn\u00edctvom nami produkovan\u00fdch informa\u010dn\u00fdch materi\u00e1lov, na na\u0161ej internetovej str\u00e1nke, alebo v&nbsp;r\u00e1mci n\u00e1\u0161ho profilu na soci\u00e1lnych sie\u0165ach. &nbsp;<\/p>\n\n\n\n<p>Poskytnutie va\u0161ich osobn\u00fdch \u00fadajov je toti\u017e dobrovo\u013en\u00e9, nem\u00f4\u017eeme si od v\u00e1s nijak\u00fdm sp\u00f4sobom vynucova\u0165 s\u00fahlas so sprac\u00favan\u00edm va\u0161ich osobn\u00fdch \u00fadajov a ste opr\u00e1vnen\u00fd\/-\u00e1 odmietnu\u0165 poskytnutie svojich osobn\u00fdch \u00fadajov.<\/p>\n\n\n\n<p><strong>Pr\u00e1vo odvola\u0165 s\u00fahlas so spracovan\u00edm osobn\u00fdch \u00fadajov<\/strong><\/p>\n\n\n\n<p>V\u0161etky s\u00fahlasy, ktor\u00e9 ste n\u00e1m udelili na sprac\u00favanie svojich osobn\u00fdch \u00fadajov, m\u00f4\u017eete kedyko\u013evek odvola\u0165 na mailovej adrese <a href=\"mailto:info@zenyvenergetike.sk\" target=\"_blank\" rel=\"noreferrer noopener\">info@zenyvenergetike.sk<\/a>.<\/p>\n\n\n\n<p><strong>Z\u00e1vere\u010dn\u00e9 ustanovenia<\/strong><\/p>\n\n\n\n<p>V pr\u00edpade ot\u00e1zok t\u00fdkaj\u00facich sa ochrany osobn\u00fdch \u00fadajov, na ktor\u00e9 ste nena\u0161li odpove\u010f v tomto dokumente, nap\u00ed\u0161te n\u00e1m na <a href=\"mailto:info@zenyvenergetike.sk\" target=\"_blank\" rel=\"noreferrer noopener\">info@zenyvenergetike.sk<\/a>.<\/p>\n","protected":false},"excerpt":{"rendered":"<p>Memorandum na ochranu osobn\u00fdch \u00fadajov OZ \u017deny v energetike Ochrana s\u00fakromia na\u0161ich \u010dlenov a&nbsp;\u010fal\u0161\u00edch subjektov pri sprac\u00favan\u00ed osobn\u00fdch \u00fadajov je pre n\u00e1s ve\u013emi d\u00f4le\u017eit\u00e1. Pri&hellip;<\/p>\n","protected":false},"author":1,"featured_media":0,"parent":0,"menu_order":0,"comment_status":"closed","ping_status":"closed","template":"","meta":{"pgc_sgb_lightbox_settings":"","footnotes":""},"class_list":["post-1571","page","type-page","status-publish","hentry"],"_links":{"self":[{"href":"https:\/\/zenyvenergetice.cz\/sk\/wp-json\/wp\/v2\/pages\/1571","targetHints":{"allow":["GET"]}}],"collection":[{"href":"https:\/\/zenyvenergetice.cz\/sk\/wp-json\/wp\/v2\/pages"}],"about":[{"href":"https:\/\/zenyvenergetice.cz\/sk\/wp-json\/wp\/v2\/types\/page"}],"author":[{"embeddable":true,"href":"https:\/\/zenyvenergetice.cz\/sk\/wp-json\/wp\/v2\/users\/1"}],"replies":[{"embeddable":true,"href":"https:\/\/zenyvenergetice.cz\/sk\/wp-json\/wp\/v2\/comments?post=1571"}],"version-history":[{"count":1,"href":"https:\/\/zenyvenergetice.cz\/sk\/wp-json\/wp\/v2\/pages\/1571\/revisions"}],"predecessor-version":[{"id":1572,"href":"https:\/\/zenyvenergetice.cz\/sk\/wp-json\/wp\/v2\/pages\/1571\/revisions\/1572"}],"wp:attachment":[{"href":"https:\/\/zenyvenergetice.cz\/sk\/wp-json\/wp\/v2\/media?parent=1571"}],"curies":[{"name":"wp","href":"https:\/\/api.w.org\/{rel}","templated":true}]}}